{"id":1850,"date":"2017-08-23T13:03:24","date_gmt":"2017-08-23T11:03:24","guid":{"rendered":"https:\/\/autodemi.ba\/?page_id=1850"},"modified":"2021-09-20T09:26:23","modified_gmt":"2021-09-20T08:26:23","slug":"kompanija","status":"publish","type":"page","link":"https:\/\/autodemi.ba\/en\/kompanija\/","title":{"rendered":"Company"},"content":{"rendered":"<div class=\"vc_row wpb_row vc_row-fluid\"><div class=\"wpb_column vc_column_container vc_col-sm-12\"><div class=\"vc_column-inner vc_custom_1505147872640\"><div class=\"wpb_wrapper\">\n\t<div  class=\"wpb_single_image wpb_content_element vc_align_left\">\n\t\t\n\t\t<figure class=\"wpb_wrapper vc_figure\">\n\t\t\t<div class=\"vc_single_image-wrapper   vc_box_border_grey\"><img width=\"1900\" height=\"400\" src=\"https:\/\/autodemi.ba\/wp-content\/uploads\/2017\/11\/krugovi-veci-engleski.png\" class=\"vc_single_image-img attachment-full\" alt=\"\" decoding=\"async\" loading=\"lazy\" srcset=\"https:\/\/autodemi.ba\/wp-content\/uploads\/2017\/11\/krugovi-veci-engleski.png 1900w, https:\/\/autodemi.ba\/wp-content\/uploads\/2017\/11\/krugovi-veci-engleski-300x63.png 300w, https:\/\/autodemi.ba\/wp-content\/uploads\/2017\/11\/krugovi-veci-engleski-768x162.png 768w, https:\/\/autodemi.ba\/wp-content\/uploads\/2017\/11\/krugovi-veci-engleski-1024x216.png 1024w\" sizes=\"(max-width: 1900px) 100vw, 1900px\"  data-dt-location=\"https:\/\/autodemi.ba\/en\/kompanija\/krugovi-velika\/\" \/><\/div>\n\t\t<\/figure>\n\t<\/div>\n<\/div><\/div><\/div><\/div><div class=\"vc_row wpb_row vc_row-fluid\"><div class=\"wpb_column vc_column_container vc_col-sm-6\"><div class=\"vc_column-inner\"><div class=\"wpb_wrapper\">\n\t<div class=\"wpb_text_column wpb_content_element  vc_custom_1607929568455\" >\n\t\t<div class=\"wpb_wrapper\">\n\t\t\t<div align=\"justify\">\n<p>DE-MI PROMET doo is a private company founded in 1996. Company and warehouse management are located in Banja Luka, Bosnia and Herzegovina. The company has been a leader in the market of Bosnia and Herzegovina for more than 24 years and successfully meets market demands by offering its customers the widest range of products. Today, we are the leading company in the region with a team of 180 people.<\/p>\n<p>The main activity of DE-MI Promet doo is the distribution of spare parts for passenger cars of renowned European car manufacturers.<\/p>\n<p>DE-MI Promet is the only company in the region that offers its range of mechanical, body parts, oil and lubricants and tools, which gives us the ability to respond to market demands and offer our customers the widest range of products.<\/p>\n<p>The professional team of DE-MI PROMET is dedicated to providing the market with the highest quality spare parts for passenger vehicles in order to improve the traffic safety and longevity of the vehicle.\n<\/p><\/div>\n\n\t\t<\/div>\n\t<\/div>\n<\/div><\/div><\/div><div class=\"wpb_column vc_column_container vc_col-sm-6\"><div class=\"vc_column-inner\"><div class=\"wpb_wrapper\">\n\t<div class=\"wpb_text_column wpb_content_element  vc_custom_1503485958357\" >\n\t\t<div class=\"wpb_wrapper\">\n\t\t\t<div align=\"justify\">\n<p>The mission of our company is to provide the highest standards of quality in the distribution of spare auto parts and to provide customers with the highest value for the money invested. By continental tracking of the market, through the network of branch offices and the direct purchase of parts from world-renowned automotive manufacturers, we move the figures from a wide range of products every day.<\/p>\n<p>Our vision is to be a synonym for a company that sets more standards on a daily basis, creates new trends and in time meets the wishes and the most demanding customers.<\/p>\n<p>Our goal is to move the boundaries to better connect the most famous European and world end-of-life automotive parts manufacturers looking for quality at affordable prices and a quick response to their requirements.\n<\/p><\/div>\n\n\t\t<\/div>\n\t<\/div>\n<\/div><\/div><\/div><\/div><div class=\"vc_row wpb_row vc_row-fluid\"><div class=\"wpb_column vc_column_container vc_col-sm-12\"><div class=\"vc_column-inner\"><div class=\"wpb_wrapper\">\n\t<div  class=\"wpb_single_image wpb_content_element vc_align_left\">\n\t\t\n\t\t<figure class=\"wpb_wrapper vc_figure\">\n\t\t\t<div class=\"vc_single_image-wrapper   vc_box_border_grey\"><img width=\"1920\" height=\"1080\" src=\"https:\/\/autodemi.ba\/wp-content\/uploads\/2017\/11\/infografika-ENG.png\" class=\"vc_single_image-img attachment-full\" alt=\"\" decoding=\"async\" loading=\"lazy\" srcset=\"https:\/\/autodemi.ba\/wp-content\/uploads\/2017\/11\/infografika-ENG.png 1920w, https:\/\/autodemi.ba\/wp-content\/uploads\/2017\/11\/infografika-ENG-300x169.png 300w, https:\/\/autodemi.ba\/wp-content\/uploads\/2017\/11\/infografika-ENG-768x432.png 768w, https:\/\/autodemi.ba\/wp-content\/uploads\/2017\/11\/infografika-ENG-1024x576.png 1024w\" sizes=\"(max-width: 1920px) 100vw, 1920px\"  data-dt-location=\"https:\/\/autodemi.ba\/en\/kompanija\/infografika_siroka\/\" \/><\/div>\n\t\t<\/figure>\n\t<\/div>\n<\/div><\/div><\/div><\/div><div class=\"vc_row wpb_row vc_row-fluid\"><div class=\"wpb_column vc_column_container vc_col-sm-12\"><div class=\"vc_column-inner\"><div class=\"wpb_wrapper\">\n\t<div class=\"wpb_text_column wpb_content_element  vc_custom_1510662681399\" >\n\t\t<div class=\"wpb_wrapper\">\n\t\t\t<div align=\"justify\">With the sale of several million spare parts in the last ten years, DE-MI Promet doo is not only highly valued, but also the largest company of this type in the region. DE-MI Promet is synonymous with financial reliability and stability. And that\u2019s best known to everyone who worked with DE-MI Promet.<br \/>\nPreserving relationships with buyers and suppliers, as well as improving them is a prerequisite for continuous quality improvement in meeting market needs and successful growth and development of the company in the future.<\/div>\n\n\t\t<\/div>\n\t<\/div>\n<\/div><\/div><\/div><\/div><div class=\"vc_row wpb_row vc_row-fluid\"><div class=\"wpb_column vc_column_container vc_col-sm-12\"><div class=\"vc_column-inner\"><div class=\"wpb_wrapper\">\n\t<div class=\"wpb_video_widget wpb_content_element vc_clearfix   vc_video-aspect-ratio-169 vc_video-el-width-100 vc_video-align-left\" >\n\t\t<div class=\"wpb_wrapper\">\n\t\t\t\n\t\t\t<div class=\"wpb_video_wrapper\"><iframe width=\"1200\" height=\"675\" src=\"https:\/\/www.youtube.com\/embed\/y5wCln28IkQ?feature=oembed\" frameborder=\"0\" allowfullscreen><\/iframe><\/div>\n\t\t<\/div>\n\t<\/div>\n<\/div><\/div><\/div><\/div>","protected":false},"excerpt":{"rendered":"<p>DE-MI PROMET doo je privatna kompanija osnovana 1996. godine. Uprava kompanije i skladi\u0161te smje\u0161teni su u Banjoj Luci, Bosna i Hercegovina. Kompanija je vi\u0161e od 24 godine lider na tr\u017ei\u0161tu Bosne i Hercegovine i uspje\u0161no odgovara na zahtjeve tr\u017eista nude\u0107i svojim kupcima naj\u0161iri asortiman proizvoda. Danas smo &nbsp;vode\u0107a firma u regionu sa timom od 180&hellip;<\/p>","protected":false},"author":1,"featured_media":0,"parent":0,"menu_order":0,"comment_status":"closed","ping_status":"closed","template":"","meta":{"ngg_post_thumbnail":0,"footnotes":""},"yoast_head":"<!-- This site is optimized with the Yoast SEO plugin v21.3 - https:\/\/yoast.com\/wordpress\/plugins\/seo\/ -->\n<title>Kompanija - Auto Demi<\/title>\n<meta name=\"robots\" content=\"index, follow, max-snippet:-1, max-image-preview:large, max-video-preview:-1\" \/>\n<link rel=\"canonical\" href=\"https:\/\/autodemi.ba\/en\/kompanija\/\" \/>\n<meta property=\"og:locale\" content=\"en_US\" \/>\n<meta property=\"og:type\" content=\"article\" \/>\n<meta property=\"og:title\" content=\"Kompanija - Auto Demi\" \/>\n<meta property=\"og:url\" content=\"https:\/\/autodemi.ba\/en\/kompanija\/\" \/>\n<meta property=\"og:site_name\" content=\"Auto Demi\" \/>\n<meta property=\"article:modified_time\" content=\"2021-09-20T08:26:23+00:00\" \/>\n<meta name=\"twitter:card\" content=\"summary_large_image\" \/>\n<meta name=\"twitter:label1\" content=\"Est. reading time\" \/>\n\t<meta name=\"twitter:data1\" content=\"2 minutes\" \/>\n<script type=\"application\/ld+json\" class=\"yoast-schema-graph\">{\"@context\":\"https:\/\/schema.org\",\"@graph\":[{\"@type\":\"WebPage\",\"@id\":\"https:\/\/autodemi.ba\/kompanija\/\",\"url\":\"https:\/\/autodemi.ba\/kompanija\/\",\"name\":\"Kompanija - Auto Demi\",\"isPartOf\":{\"@id\":\"https:\/\/autodemi.ba\/#website\"},\"datePublished\":\"2017-08-23T11:03:24+00:00\",\"dateModified\":\"2021-09-20T08:26:23+00:00\",\"breadcrumb\":{\"@id\":\"https:\/\/autodemi.ba\/kompanija\/#breadcrumb\"},\"inLanguage\":\"en-US\",\"potentialAction\":[{\"@type\":\"ReadAction\",\"target\":[\"https:\/\/autodemi.ba\/kompanija\/\"]}]},{\"@type\":\"BreadcrumbList\",\"@id\":\"https:\/\/autodemi.ba\/kompanija\/#breadcrumb\",\"itemListElement\":[{\"@type\":\"ListItem\",\"position\":1,\"name\":\"Home\",\"item\":\"https:\/\/autodemi.ba\/\"},{\"@type\":\"ListItem\",\"position\":2,\"name\":\"Kompanija\"}]},{\"@type\":\"WebSite\",\"@id\":\"https:\/\/autodemi.ba\/#website\",\"url\":\"https:\/\/autodemi.ba\/\",\"name\":\"Auto Demi\",\"description\":\"Uvijek prvi.\",\"potentialAction\":[{\"@type\":\"SearchAction\",\"target\":{\"@type\":\"EntryPoint\",\"urlTemplate\":\"https:\/\/autodemi.ba\/?s={search_term_string}\"},\"query-input\":\"required name=search_term_string\"}],\"inLanguage\":\"en-US\"}]}<\/script>\n<!-- \/ Yoast SEO plugin. -->","yoast_head_json":{"title":"Kompanija - Auto Demi","robots":{"index":"index","follow":"follow","max-snippet":"max-snippet:-1","max-image-preview":"max-image-preview:large","max-video-preview":"max-video-preview:-1"},"canonical":"https:\/\/autodemi.ba\/en\/kompanija\/","og_locale":"en_US","og_type":"article","og_title":"Kompanija - Auto Demi","og_url":"https:\/\/autodemi.ba\/en\/kompanija\/","og_site_name":"Auto Demi","article_modified_time":"2021-09-20T08:26:23+00:00","twitter_card":"summary_large_image","twitter_misc":{"Est. reading time":"2 minutes"},"schema":{"@context":"https:\/\/schema.org","@graph":[{"@type":"WebPage","@id":"https:\/\/autodemi.ba\/kompanija\/","url":"https:\/\/autodemi.ba\/kompanija\/","name":"Kompanija - Auto Demi","isPartOf":{"@id":"https:\/\/autodemi.ba\/#website"},"datePublished":"2017-08-23T11:03:24+00:00","dateModified":"2021-09-20T08:26:23+00:00","breadcrumb":{"@id":"https:\/\/autodemi.ba\/kompanija\/#breadcrumb"},"inLanguage":"en-US","potentialAction":[{"@type":"ReadAction","target":["https:\/\/autodemi.ba\/kompanija\/"]}]},{"@type":"BreadcrumbList","@id":"https:\/\/autodemi.ba\/kompanija\/#breadcrumb","itemListElement":[{"@type":"ListItem","position":1,"name":"Home","item":"https:\/\/autodemi.ba\/"},{"@type":"ListItem","position":2,"name":"Kompanija"}]},{"@type":"WebSite","@id":"https:\/\/autodemi.ba\/#website","url":"https:\/\/autodemi.ba\/","name":"Auto Demi","description":"Uvijek prvi.","potentialAction":[{"@type":"SearchAction","target":{"@type":"EntryPoint","urlTemplate":"https:\/\/autodemi.ba\/?s={search_term_string}"},"query-input":"required name=search_term_string"}],"inLanguage":"en-US"}]}},"_links":{"self":[{"href":"https:\/\/autodemi.ba\/en\/wp-json\/wp\/v2\/pages\/1850"}],"collection":[{"href":"https:\/\/autodemi.ba\/en\/wp-json\/wp\/v2\/pages"}],"about":[{"href":"https:\/\/autodemi.ba\/en\/wp-json\/wp\/v2\/types\/page"}],"author":[{"embeddable":true,"href":"https:\/\/autodemi.ba\/en\/wp-json\/wp\/v2\/users\/1"}],"replies":[{"embeddable":true,"href":"https:\/\/autodemi.ba\/en\/wp-json\/wp\/v2\/comments?post=1850"}],"version-history":[{"count":0,"href":"https:\/\/autodemi.ba\/en\/wp-json\/wp\/v2\/pages\/1850\/revisions"}],"wp:attachment":[{"href":"https:\/\/autodemi.ba\/en\/wp-json\/wp\/v2\/media?parent=1850"}],"curies":[{"name":"wp","href":"https:\/\/api.w.org\/{rel}","templated":true}]}}