{"id":2133,"date":"2017-08-25T02:21:35","date_gmt":"2017-08-25T00:21:35","guid":{"rendered":"https:\/\/autodemi.ba\/?page_id=2133"},"modified":"2021-09-20T09:28:03","modified_gmt":"2021-09-20T08:28:03","slug":"popunite-formular-za-posao","status":"publish","type":"page","link":"https:\/\/autodemi.ba\/en\/popunite-formular-za-posao\/","title":{"rendered":"Fill in the business form"},"content":{"rendered":"<div class=\"vc_row wpb_row vc_row-fluid\"><div class=\"wpb_column vc_column_container vc_col-sm-12\"><div class=\"vc_column-inner\"><div class=\"wpb_wrapper\">\n\t<div class=\"wpb_text_column wpb_content_element\" >\n\t\t<div class=\"wpb_wrapper\">\n\t\t\t<div class=\"wpforms-container wpforms-container-full\" id=\"wpforms-2482\"><form id=\"wpforms-form-2482\" class=\"wpforms-validate wpforms-form\" data-formid=\"2482\" method=\"post\" enctype=\"multipart\/form-data\" action=\"\/en\/wp-json\/wp\/v2\/pages\/2133\" data-token=\"4c4ae02590575ac42605cc427b6ce329\" data-trp-original-action=\"\/en\/wp-json\/wp\/v2\/pages\/2133\"><noscript class=\"wpforms-error-noscript\">Please enable JavaScript in your browser to complete this form.<\/noscript><div class=\"wpforms-field-container\"><div id=\"wpforms-2482-field_0-container\" class=\"wpforms-field wpforms-field-name\" data-field-id=\"0\"><label class=\"wpforms-field-label\" for=\"wpforms-2482-field_0\">Ime  i prezime: <span class=\"wpforms-required-label\">*<\/span><\/label><input type=\"text\" id=\"wpforms-2482-field_0\" class=\"wpforms-field-medium wpforms-field-required\" name=\"wpforms[fields][0]\" required><\/div><div id=\"wpforms-2482-field_6-container\" class=\"wpforms-field wpforms-field-number\" data-field-id=\"6\"><label class=\"wpforms-field-label\" for=\"wpforms-2482-field_6\">Kontakt telefon (forma +387** *** ***): <span class=\"wpforms-required-label\">*<\/span><\/label><input type=\"number\" pattern=\"\\d*\" id=\"wpforms-2482-field_6\" class=\"wpforms-field-medium wpforms-field-required\" name=\"wpforms[fields][6]\" required><\/div><div id=\"wpforms-2482-field_1-container\" class=\"wpforms-field wpforms-field-email\" data-field-id=\"1\"><label class=\"wpforms-field-label\" for=\"wpforms-2482-field_1\">Va\u0161a e-mail adresa: <span class=\"wpforms-required-label\">*<\/span><\/label><input type=\"email\" id=\"wpforms-2482-field_1\" class=\"wpforms-field-medium wpforms-field-required\" name=\"wpforms[fields][1]\" spellcheck=\"false\" required><\/div><div id=\"wpforms-2482-field_7-container\" class=\"wpforms-field wpforms-field-text\" data-field-id=\"7\"><label class=\"wpforms-field-label\" for=\"wpforms-2482-field_7\">Adresa prebivali\u0161ta (Grad, ulica i broj): <span class=\"wpforms-required-label\">*<\/span><\/label><input type=\"text\" id=\"wpforms-2482-field_7\" class=\"wpforms-field-medium wpforms-field-required\" name=\"wpforms[fields][7]\" required><\/div><div id=\"wpforms-2482-field_8-container\" class=\"wpforms-field wpforms-field-select wpforms-field-select-style-classic\" data-field-id=\"8\"><label class=\"wpforms-field-label\" for=\"wpforms-2482-field_8\">Bra\u010dno stanje - (U braku): <span class=\"wpforms-required-label\">*<\/span><\/label><select id=\"wpforms-2482-field_8\" class=\"wpforms-field-medium wpforms-field-required\" name=\"wpforms[fields][8]\" required=\"required\"><option value=\"DA\" >DA<\/option><option value=\"NE\" >NE<\/option><\/select><\/div><div id=\"wpforms-2482-field_9-container\" class=\"wpforms-field wpforms-field-select wpforms-field-select-style-classic\" data-field-id=\"9\"><label class=\"wpforms-field-label\" for=\"wpforms-2482-field_9\">Da li imate djecu: <span class=\"wpforms-required-label\">*<\/span><\/label><select id=\"wpforms-2482-field_9\" class=\"wpforms-field-medium wpforms-field-required\" name=\"wpforms[fields][9]\" required=\"required\"><option value=\"DA\" >DA<\/option><option value=\"NE\" >NE<\/option><\/select><\/div><div id=\"wpforms-2482-field_10-container\" class=\"wpforms-field wpforms-field-select wpforms-field-select-style-classic\" data-field-id=\"10\"><label class=\"wpforms-field-label\" for=\"wpforms-2482-field_10\">Koliko imate djece:<\/label><select id=\"wpforms-2482-field_10\" class=\"wpforms-field-medium\" name=\"wpforms[fields][10]\"><option value=\"0\" >0<\/option><option value=\"1\" >1<\/option><option value=\"2\" >2<\/option><option value=\"3\" >3<\/option><option value=\"4 ili vi\u0161e\" >4 ili vi\u0161e<\/option><\/select><\/div><div id=\"wpforms-2482-field_11-container\" class=\"wpforms-field wpforms-field-select wpforms-field-select-style-classic\" data-field-id=\"11\"><label class=\"wpforms-field-label\" for=\"wpforms-2482-field_11\">Grad za koji aplicirate: <span class=\"wpforms-required-label\">*<\/span><\/label><select id=\"wpforms-2482-field_11\" class=\"wpforms-field-medium wpforms-field-required\" name=\"wpforms[fields][11]\" required=\"required\"><option value=\"Banja Luka\" >Banja Luka<\/option><option value=\"Prijedor\" >Prijedor<\/option><option value=\"Biha\u0107\" >Biha\u0107<\/option><option value=\"Sarajevo\" >Sarajevo<\/option><option value=\"Tuzla\" >Tuzla<\/option><option value=\"Doboj\" >Doboj<\/option><option value=\"Gradi\u0161ka\" >Gradi\u0161ka<\/option><option value=\"Mrkonji\u0107 Grad\" >Mrkonji\u0107 Grad<\/option><option value=\"Cazin\" >Cazin<\/option><option value=\"Bugojno\" >Bugojno<\/option><option value=\"Prnjavor\" >Prnjavor<\/option><option value=\"\u017divinice\" >\u017divinice<\/option><option value=\"Lakta\u0161i\" >Lakta\u0161i<\/option><\/select><\/div><div id=\"wpforms-2482-field_12-container\" class=\"wpforms-field wpforms-field-text\" data-field-id=\"12\"><label class=\"wpforms-field-label\" for=\"wpforms-2482-field_12\">Obrazovanje (SSS, VS, VSS...): <span class=\"wpforms-required-label\">*<\/span><\/label><input type=\"text\" id=\"wpforms-2482-field_12\" class=\"wpforms-field-medium wpforms-field-required\" name=\"wpforms[fields][12]\" required><\/div><div id=\"wpforms-2482-field_13-container\" class=\"wpforms-field wpforms-field-text\" data-field-id=\"13\"><label class=\"wpforms-field-label\" for=\"wpforms-2482-field_13\">[:ba]Naziv ustanove: [:en]Name of institution[:] <span class=\"wpforms-required-label\">*<\/span><\/label><input type=\"text\" id=\"wpforms-2482-field_13\" class=\"wpforms-field-medium wpforms-field-required\" name=\"wpforms[fields][13]\" required><\/div><div id=\"wpforms-2482-field_14-container\" class=\"wpforms-field wpforms-field-text\" data-field-id=\"14\"><label class=\"wpforms-field-label\" for=\"wpforms-2482-field_14\">Zanimanje: <span class=\"wpforms-required-label\">*<\/span><\/label><input type=\"text\" id=\"wpforms-2482-field_14\" class=\"wpforms-field-medium wpforms-field-required\" name=\"wpforms[fields][14]\" required><\/div><div id=\"wpforms-2482-field_25-container\" class=\"wpforms-field wpforms-field-select wpforms-field-select-style-classic\" data-field-id=\"25\"><label class=\"wpforms-field-label\" for=\"wpforms-2482-field_25\">mate li voza\u010dku dozvolu? <span class=\"wpforms-required-label\">*<\/span><\/label><select id=\"wpforms-2482-field_25\" class=\"wpforms-field-medium wpforms-field-required\" name=\"wpforms[fields][25]\" required=\"required\"><option value=\"Ne posjedujem\" >Ne posjedujem<\/option><option value=\"B \" >B <\/option><option value=\"C \" >C <\/option><option value=\"D \" >D <\/option><option value=\"E\" >E<\/option><option value=\"Ostalo\" >Ostalo<\/option><\/select><div class=\"wpforms-field-description\">[:ba](Odaberite kategoriju)[:en]Chose category[:]<\/div><\/div><div id=\"wpforms-2482-field_26-container\" class=\"wpforms-field wpforms-field-radio wpforms-list-2-columns\" data-field-id=\"26\"><label class=\"wpforms-field-label\" for=\"wpforms-2482-field_26\">Da li govorite neki strani jezik <span class=\"wpforms-required-label\">*<\/span><\/label><ul id=\"wpforms-2482-field_26\" class=\"wpforms-field-required\"><li class=\"choice-4 depth-1\"><input type=\"radio\" id=\"wpforms-2482-field_26_4\" name=\"wpforms[fields][26]\" value=\"Ni jedan\" required><label class=\"wpforms-field-label-inline\" for=\"wpforms-2482-field_26_4\">Ni jedan<\/label><\/li><li class=\"choice-1 depth-1\"><input type=\"radio\" id=\"wpforms-2482-field_26_1\" name=\"wpforms[fields][26]\" value=\"Engleski\" required><label class=\"wpforms-field-label-inline\" for=\"wpforms-2482-field_26_1\">Engleski<\/label><\/li><li class=\"choice-2 depth-1\"><input type=\"radio\" id=\"wpforms-2482-field_26_2\" name=\"wpforms[fields][26]\" value=\"Njema\u010dki\" required><label class=\"wpforms-field-label-inline\" for=\"wpforms-2482-field_26_2\">Njema\u010dki<\/label><\/li><li class=\"choice-3 depth-1\"><input type=\"radio\" id=\"wpforms-2482-field_26_3\" name=\"wpforms[fields][26]\" value=\"Francuski\" required><label class=\"wpforms-field-label-inline\" for=\"wpforms-2482-field_26_3\">Francuski<\/label><\/li><li class=\"choice-5 depth-1\"><input type=\"radio\" id=\"wpforms-2482-field_26_5\" name=\"wpforms[fields][26]\" value=\"Ruski\" required><label class=\"wpforms-field-label-inline\" for=\"wpforms-2482-field_26_5\">Ruski<\/label><\/li><li class=\"choice-6 depth-1\"><input type=\"radio\" id=\"wpforms-2482-field_26_6\" name=\"wpforms[fields][26]\" value=\"Italijanski\" required><label class=\"wpforms-field-label-inline\" for=\"wpforms-2482-field_26_6\">Italijanski<\/label><\/li><li class=\"choice-7 depth-1\"><input type=\"radio\" id=\"wpforms-2482-field_26_7\" name=\"wpforms[fields][26]\" value=\"Drugi jezik\" required><label class=\"wpforms-field-label-inline\" for=\"wpforms-2482-field_26_7\">Drugi jezik<\/label><\/li><\/ul><\/div><div id=\"wpforms-2482-field_27-container\" class=\"wpforms-field wpforms-field-checkbox wpforms-list-2-columns\" data-field-id=\"27\"><label class=\"wpforms-field-label\" for=\"wpforms-2482-field_27\">Rad na ra\u010dunaru:  <span class=\"wpforms-required-label\">*<\/span><\/label><ul id=\"wpforms-2482-field_27\" class=\"wpforms-field-required\"><li class=\"choice-4 depth-1\"><input type=\"checkbox\" id=\"wpforms-2482-field_27_4\" name=\"wpforms[fields][27][]\" value=\"Ne radim na ra\u010dunaru\" required><label class=\"wpforms-field-label-inline\" for=\"wpforms-2482-field_27_4\">Ne radim na ra\u010dunaru<\/label><\/li><li class=\"choice-1 depth-1\"><input type=\"checkbox\" id=\"wpforms-2482-field_27_1\" name=\"wpforms[fields][27][]\" value=\"Osnove - Rad na ra\u010dunaru\" required><label class=\"wpforms-field-label-inline\" for=\"wpforms-2482-field_27_1\">Osnove - Rad na ra\u010dunaru<\/label><\/li><li class=\"choice-7 depth-1\"><input type=\"checkbox\" id=\"wpforms-2482-field_27_7\" name=\"wpforms[fields][27][]\" value=\"MS Office - Excel\" required><label class=\"wpforms-field-label-inline\" for=\"wpforms-2482-field_27_7\">MS Office - Excel<\/label><\/li><li class=\"choice-2 depth-1\"><input type=\"checkbox\" id=\"wpforms-2482-field_27_2\" name=\"wpforms[fields][27][]\" value=\"Photoshop\" required><label class=\"wpforms-field-label-inline\" for=\"wpforms-2482-field_27_2\">Photoshop<\/label><\/li><li class=\"choice-3 depth-1\"><input type=\"checkbox\" id=\"wpforms-2482-field_27_3\" name=\"wpforms[fields][27][]\" value=\"Corel\" required><label class=\"wpforms-field-label-inline\" for=\"wpforms-2482-field_27_3\">Corel<\/label><\/li><li class=\"choice-5 depth-1\"><input type=\"checkbox\" id=\"wpforms-2482-field_27_5\" name=\"wpforms[fields][27][]\" value=\"3D modelovanje\" required><label class=\"wpforms-field-label-inline\" for=\"wpforms-2482-field_27_5\">3D modelovanje<\/label><\/li><li class=\"choice-6 depth-1\"><input type=\"checkbox\" id=\"wpforms-2482-field_27_6\" name=\"wpforms[fields][27][]\" value=\"Web dizajn\" required><label class=\"wpforms-field-label-inline\" for=\"wpforms-2482-field_27_6\">Web dizajn<\/label><\/li><li class=\"choice-8 depth-1\"><input type=\"checkbox\" id=\"wpforms-2482-field_27_8\" name=\"wpforms[fields][27][]\" value=\"Programiranje\" required><label class=\"wpforms-field-label-inline\" for=\"wpforms-2482-field_27_8\">Programiranje<\/label><\/li><li class=\"choice-9 depth-1\"><input type=\"checkbox\" id=\"wpforms-2482-field_27_9\" name=\"wpforms[fields][27][]\" value=\"Drugo\" required><label class=\"wpforms-field-label-inline\" for=\"wpforms-2482-field_27_9\">Drugo<\/label><\/li><\/ul><\/div><div id=\"wpforms-2482-field_2-container\" class=\"wpforms-field wpforms-field-textarea\" data-field-id=\"2\"><label class=\"wpforms-field-label\" for=\"wpforms-2482-field_2\">Radno iskustvo i na kojim poslovima <span class=\"wpforms-required-label\">*<\/span><\/label><textarea id=\"wpforms-2482-field_2\" class=\"wpforms-field-medium wpforms-field-required\" name=\"wpforms[fields][2]\" required><\/textarea><\/div><div id=\"wpforms-2482-field_15-container\" class=\"wpforms-field wpforms-field-textarea\" data-field-id=\"15\"><label class=\"wpforms-field-label\" for=\"wpforms-2482-field_15\">Opis radnog iskustva 2: <span class=\"wpforms-required-label\">*<\/span><\/label><textarea id=\"wpforms-2482-field_15\" class=\"wpforms-field-medium wpforms-field-required\" name=\"wpforms[fields][15]\" required><\/textarea><\/div><div id=\"wpforms-2482-field_16-container\" class=\"wpforms-field wpforms-field-textarea\" data-field-id=\"16\"><label class=\"wpforms-field-label\" for=\"wpforms-2482-field_16\">Opis radnog iskustva 3 <span class=\"wpforms-required-label\">*<\/span><\/label><textarea id=\"wpforms-2482-field_16\" class=\"wpforms-field-medium wpforms-field-required\" name=\"wpforms[fields][16]\" required><\/textarea><\/div><div id=\"wpforms-2482-field_17-container\" class=\"wpforms-field wpforms-field-textarea\" data-field-id=\"17\"><label class=\"wpforms-field-label\" for=\"wpforms-2482-field_17\">Prethodni poslodavci: <span class=\"wpforms-required-label\">*<\/span><\/label><textarea id=\"wpforms-2482-field_17\" class=\"wpforms-field-medium wpforms-field-required\" name=\"wpforms[fields][17]\" required><\/textarea><div class=\"wpforms-field-description\">(Naziv firme, ime vlasnika, broj telefona...):<\/div><\/div><div id=\"wpforms-2482-field_18-container\" class=\"wpforms-field wpforms-field-textarea\" data-field-id=\"18\"><label class=\"wpforms-field-label\" for=\"wpforms-2482-field_18\">Opis prethodnog poslodavca 2: <span class=\"wpforms-required-label\">*<\/span><\/label><textarea id=\"wpforms-2482-field_18\" class=\"wpforms-field-medium wpforms-field-required\" name=\"wpforms[fields][18]\" required><\/textarea><\/div><div id=\"wpforms-2482-field_19-container\" class=\"wpforms-field wpforms-field-textarea\" data-field-id=\"19\"><label class=\"wpforms-field-label\" for=\"wpforms-2482-field_19\">Opis prethodnog poslodavca 3 <span class=\"wpforms-required-label\">*<\/span><\/label><textarea id=\"wpforms-2482-field_19\" class=\"wpforms-field-medium wpforms-field-required\" name=\"wpforms[fields][19]\" required><\/textarea><\/div><div id=\"wpforms-2482-field_20-container\" class=\"wpforms-field wpforms-field-textarea\" data-field-id=\"20\"><label class=\"wpforms-field-label\" for=\"wpforms-2482-field_20\">Koliko ste upoznati sa na\u0161om kompanijom: <span class=\"wpforms-required-label\">*<\/span><\/label><textarea id=\"wpforms-2482-field_20\" class=\"wpforms-field-medium wpforms-field-required\" name=\"wpforms[fields][20]\" required><\/textarea><\/div><div id=\"wpforms-2482-field_21-container\" class=\"wpforms-field wpforms-field-text\" data-field-id=\"21\"><label class=\"wpforms-field-label\" for=\"wpforms-2482-field_21\">Kada mo\u017eete po\u010deti sa radnim odnosom: <span class=\"wpforms-required-label\">*<\/span><\/label><input type=\"text\" id=\"wpforms-2482-field_21\" class=\"wpforms-field-medium wpforms-field-required\" name=\"wpforms[fields][21]\" required><div class=\"wpforms-field-description\">UPISATI DATUM):<\/div><\/div><div id=\"wpforms-2482-field_22-container\" class=\"wpforms-field wpforms-field-select wpforms-field-select-style-classic\" data-field-id=\"22\"><label class=\"wpforms-field-label\" for=\"wpforms-2482-field_22\">Da li ste spremni na minimalan probni rad od 30 dana (pla\u0107en hrana i prevoz)<\/label><select id=\"wpforms-2482-field_22\" class=\"wpforms-field-medium\" name=\"wpforms[fields][22]\"><option value=\"DA\" >DA<\/option><option value=\"NE\" >NE<\/option><\/select><\/div><div id=\"wpforms-2482-field_23-container\" class=\"wpforms-field wpforms-field-text\" data-field-id=\"23\"><label class=\"wpforms-field-label\" for=\"wpforms-2482-field_23\">Sa kolikom platom bi ste bili zadovoljni za radno vrijeme od 8 h dnevno: <span class=\"wpforms-required-label\">*<\/span><\/label><input type=\"text\" id=\"wpforms-2482-field_23\" class=\"wpforms-field-medium wpforms-field-required\" name=\"wpforms[fields][23]\" required><\/div><div id=\"wpforms-2482-field_28-container\" class=\"wpforms-field wpforms-field-checkbox\" data-field-id=\"28\"><label class=\"wpforms-field-label\" for=\"wpforms-2482-field_28\">Radno mjesto za koje se prijavljujete: <span class=\"wpforms-required-label\">*<\/span><\/label><ul id=\"wpforms-2482-field_28\" class=\"wpforms-field-required\"><li class=\"choice-1 depth-1\"><input type=\"checkbox\" id=\"wpforms-2482-field_28_1\" name=\"wpforms[fields][28][]\" value=\"Referent Nabavke\" required><label class=\"wpforms-field-label-inline\" for=\"wpforms-2482-field_28_1\">Referent Nabavke<\/label><\/li><li class=\"choice-2 depth-1\"><input type=\"checkbox\" id=\"wpforms-2482-field_28_2\" name=\"wpforms[fields][28][]\" value=\"Komercijalista na terenu\" required><label class=\"wpforms-field-label-inline\" for=\"wpforms-2482-field_28_2\">Komercijalista na terenu<\/label><\/li><li class=\"choice-3 depth-1\"><input type=\"checkbox\" id=\"wpforms-2482-field_28_3\" name=\"wpforms[fields][28][]\" value=\"Marketing menad\u017eer\" required><label class=\"wpforms-field-label-inline\" for=\"wpforms-2482-field_28_3\">Marketing menad\u017eer<\/label><\/li><li class=\"choice-4 depth-1\"><input type=\"checkbox\" id=\"wpforms-2482-field_28_4\" name=\"wpforms[fields][28][]\" value=\"Analiti\u010dar - Statisti\u010dar\" required><label class=\"wpforms-field-label-inline\" for=\"wpforms-2482-field_28_4\">Analiti\u010dar - Statisti\u010dar<\/label><\/li><li class=\"choice-5 depth-1\"><input type=\"checkbox\" id=\"wpforms-2482-field_28_5\" name=\"wpforms[fields][28][]\" value=\"Unapre\u0111iva\u010d prodaje\" required><label class=\"wpforms-field-label-inline\" for=\"wpforms-2482-field_28_5\">Unapre\u0111iva\u010d prodaje<\/label><\/li><li class=\"choice-6 depth-1\"><input type=\"checkbox\" id=\"wpforms-2482-field_28_6\" name=\"wpforms[fields][28][]\" value=\"Direktor prodaje\" required><label class=\"wpforms-field-label-inline\" for=\"wpforms-2482-field_28_6\">Direktor prodaje<\/label><\/li><li class=\"choice-7 depth-1\"><input type=\"checkbox\" id=\"wpforms-2482-field_28_7\" name=\"wpforms[fields][28][]\" value=\"Informati\u010dar\" required><label class=\"wpforms-field-label-inline\" for=\"wpforms-2482-field_28_7\">Informati\u010dar<\/label><\/li><li class=\"choice-8 depth-1\"><input type=\"checkbox\" id=\"wpforms-2482-field_28_8\" name=\"wpforms[fields][28][]\" value=\"Referent carisnkog skladi\u0161ta\" required><label class=\"wpforms-field-label-inline\" for=\"wpforms-2482-field_28_8\">Referent carisnkog skladi\u0161ta<\/label><\/li><li class=\"choice-9 depth-1\"><input type=\"checkbox\" id=\"wpforms-2482-field_28_9\" name=\"wpforms[fields][28][]\" value=\"Magacioner\" required><label class=\"wpforms-field-label-inline\" for=\"wpforms-2482-field_28_9\">Magacioner<\/label><\/li><li class=\"choice-10 depth-1\"><input type=\"checkbox\" id=\"wpforms-2482-field_28_10\" name=\"wpforms[fields][28][]\" value=\"Trgovac u maloprodajnom objektu\" required><label class=\"wpforms-field-label-inline\" for=\"wpforms-2482-field_28_10\">Trgovac u maloprodajnom objektu<\/label><\/li><\/ul><div class=\"wpforms-field-description\">(mo\u017eete odabrati jednu ili vi\u0161e pozicija<\/div><\/div><\/div><!-- .wpforms-field-container --><div class=\"wpforms-field wpforms-field-hp\"><label for=\"wpforms-2482-field-hp\" class=\"wpforms-field-label\">Phone<\/label><input type=\"text\" name=\"wpforms[hp]\" id=\"wpforms-2482-field-hp\" class=\"wpforms-field-medium\"><\/div><div class=\"wpforms-submit-container\" ><input type=\"hidden\" name=\"wpforms[id]\" value=\"2482\"><input type=\"hidden\" name=\"wpforms[author]\" value=\"1\"><button type=\"submit\" name=\"wpforms[submit]\" id=\"wpforms-submit-2482\" class=\"wpforms-submit\" data-alt-text=\"Slanje u toku...\" data-submit-text=\"Po\u0161aljite formular\" aria-live=\"assertive\" value=\"wpforms-submit\">Po\u0161aljite formular<\/button><\/div><input type=\"hidden\" name=\"trp-form-language\" value=\"en\"\/><\/form><\/div>  <!-- .wpforms-container -->\n\n\t\t<\/div>\n\t<\/div>\n<\/div><\/div><\/div><\/div>","protected":false},"excerpt":{"rendered":"<p>Please enable JavaScript in your browser to complete this form.Ime i prezime: *Kontakt telefon (forma +387** *** ***): *Va\u0161a e-mail adresa: *Adresa prebivali\u0161ta (Grad, ulica i broj): *Bra\u010dno stanje &#8211; (U braku): *DANEDa li imate djecu: *DANEKoliko imate djece:01234 ili vi\u0161eGrad za koji aplicirate: *Banja LukaPrijedorBiha\u0107SarajevoTuzlaDobojGradi\u0161kaMrkonji\u0107 GradCazinBugojnoPrnjavor\u017diviniceLakta\u0161iObrazovanje (SSS, VS, VSS&#8230;): *[:ba]Naziv ustanove: [:en]Name of institution[:]&hellip;<\/p>","protected":false},"author":1,"featured_media":0,"parent":0,"menu_order":0,"comment_status":"closed","ping_status":"closed","template":"","meta":{"ngg_post_thumbnail":0,"footnotes":""},"yoast_head":"<!-- This site is optimized with the Yoast SEO plugin v21.3 - https:\/\/yoast.com\/wordpress\/plugins\/seo\/ -->\n<title>Popunite formular za posao - Auto Demi<\/title>\n<meta name=\"robots\" content=\"index, follow, max-snippet:-1, max-image-preview:large, max-video-preview:-1\" \/>\n<link rel=\"canonical\" href=\"https:\/\/autodemi.ba\/en\/popunite-formular-za-posao\/\" \/>\n<meta property=\"og:locale\" content=\"en_US\" \/>\n<meta property=\"og:type\" content=\"article\" \/>\n<meta property=\"og:title\" content=\"Popunite formular za posao - Auto Demi\" \/>\n<meta property=\"og:url\" content=\"https:\/\/autodemi.ba\/en\/popunite-formular-za-posao\/\" \/>\n<meta property=\"og:site_name\" content=\"Auto Demi\" \/>\n<meta property=\"article:modified_time\" content=\"2021-09-20T08:28:03+00:00\" \/>\n<meta name=\"twitter:card\" content=\"summary_large_image\" \/>\n<script type=\"application\/ld+json\" class=\"yoast-schema-graph\">{\"@context\":\"https:\/\/schema.org\",\"@graph\":[{\"@type\":\"WebPage\",\"@id\":\"https:\/\/autodemi.ba\/popunite-formular-za-posao\/\",\"url\":\"https:\/\/autodemi.ba\/popunite-formular-za-posao\/\",\"name\":\"Popunite formular za posao - Auto Demi\",\"isPartOf\":{\"@id\":\"https:\/\/autodemi.ba\/#website\"},\"datePublished\":\"2017-08-25T00:21:35+00:00\",\"dateModified\":\"2021-09-20T08:28:03+00:00\",\"breadcrumb\":{\"@id\":\"https:\/\/autodemi.ba\/popunite-formular-za-posao\/#breadcrumb\"},\"inLanguage\":\"en-US\",\"potentialAction\":[{\"@type\":\"ReadAction\",\"target\":[\"https:\/\/autodemi.ba\/popunite-formular-za-posao\/\"]}]},{\"@type\":\"BreadcrumbList\",\"@id\":\"https:\/\/autodemi.ba\/popunite-formular-za-posao\/#breadcrumb\",\"itemListElement\":[{\"@type\":\"ListItem\",\"position\":1,\"name\":\"Home\",\"item\":\"https:\/\/autodemi.ba\/\"},{\"@type\":\"ListItem\",\"position\":2,\"name\":\"Popunite formular za posao\"}]},{\"@type\":\"WebSite\",\"@id\":\"https:\/\/autodemi.ba\/#website\",\"url\":\"https:\/\/autodemi.ba\/\",\"name\":\"Auto Demi\",\"description\":\"Uvijek prvi.\",\"potentialAction\":[{\"@type\":\"SearchAction\",\"target\":{\"@type\":\"EntryPoint\",\"urlTemplate\":\"https:\/\/autodemi.ba\/?s={search_term_string}\"},\"query-input\":\"required name=search_term_string\"}],\"inLanguage\":\"en-US\"}]}<\/script>\n<!-- \/ Yoast SEO plugin. -->","yoast_head_json":{"title":"Popunite formular za posao - Auto Demi","robots":{"index":"index","follow":"follow","max-snippet":"max-snippet:-1","max-image-preview":"max-image-preview:large","max-video-preview":"max-video-preview:-1"},"canonical":"https:\/\/autodemi.ba\/en\/popunite-formular-za-posao\/","og_locale":"en_US","og_type":"article","og_title":"Popunite formular za posao - Auto Demi","og_url":"https:\/\/autodemi.ba\/en\/popunite-formular-za-posao\/","og_site_name":"Auto Demi","article_modified_time":"2021-09-20T08:28:03+00:00","twitter_card":"summary_large_image","schema":{"@context":"https:\/\/schema.org","@graph":[{"@type":"WebPage","@id":"https:\/\/autodemi.ba\/popunite-formular-za-posao\/","url":"https:\/\/autodemi.ba\/popunite-formular-za-posao\/","name":"Popunite formular za posao - Auto Demi","isPartOf":{"@id":"https:\/\/autodemi.ba\/#website"},"datePublished":"2017-08-25T00:21:35+00:00","dateModified":"2021-09-20T08:28:03+00:00","breadcrumb":{"@id":"https:\/\/autodemi.ba\/popunite-formular-za-posao\/#breadcrumb"},"inLanguage":"en-US","potentialAction":[{"@type":"ReadAction","target":["https:\/\/autodemi.ba\/popunite-formular-za-posao\/"]}]},{"@type":"BreadcrumbList","@id":"https:\/\/autodemi.ba\/popunite-formular-za-posao\/#breadcrumb","itemListElement":[{"@type":"ListItem","position":1,"name":"Home","item":"https:\/\/autodemi.ba\/"},{"@type":"ListItem","position":2,"name":"Popunite formular za posao"}]},{"@type":"WebSite","@id":"https:\/\/autodemi.ba\/#website","url":"https:\/\/autodemi.ba\/","name":"Auto Demi","description":"Uvijek prvi.","potentialAction":[{"@type":"SearchAction","target":{"@type":"EntryPoint","urlTemplate":"https:\/\/autodemi.ba\/?s={search_term_string}"},"query-input":"required name=search_term_string"}],"inLanguage":"en-US"}]}},"_links":{"self":[{"href":"https:\/\/autodemi.ba\/en\/wp-json\/wp\/v2\/pages\/2133"}],"collection":[{"href":"https:\/\/autodemi.ba\/en\/wp-json\/wp\/v2\/pages"}],"about":[{"href":"https:\/\/autodemi.ba\/en\/wp-json\/wp\/v2\/types\/page"}],"author":[{"embeddable":true,"href":"https:\/\/autodemi.ba\/en\/wp-json\/wp\/v2\/users\/1"}],"replies":[{"embeddable":true,"href":"https:\/\/autodemi.ba\/en\/wp-json\/wp\/v2\/comments?post=2133"}],"version-history":[{"count":0,"href":"https:\/\/autodemi.ba\/en\/wp-json\/wp\/v2\/pages\/2133\/revisions"}],"wp:attachment":[{"href":"https:\/\/autodemi.ba\/en\/wp-json\/wp\/v2\/media?parent=2133"}],"curies":[{"name":"wp","href":"https:\/\/api.w.org\/{rel}","templated":true}]}}