{"id":2256,"date":"2017-08-28T12:42:10","date_gmt":"2017-08-28T10:42:10","guid":{"rendered":"https:\/\/autodemi.ba\/?page_id=2256"},"modified":"2021-09-20T09:24:48","modified_gmt":"2021-09-20T08:24:48","slug":"karoserijski-auto-dijelovi","status":"publish","type":"page","link":"https:\/\/autodemi.ba\/en\/karoserijski-auto-dijelovi\/","title":{"rendered":"Car body parts"},"content":{"rendered":"<div class=\"vc_row wpb_row vc_row-fluid\"><div class=\"wpb_column vc_column_container vc_col-sm-12\"><div class=\"vc_column-inner vc_custom_1505147297545\"><div class=\"wpb_wrapper\">\n\t<div class=\"wpb_text_column wpb_content_element\" >\n\t\t<div class=\"wpb_wrapper\">\n\t\t\t<h3>ABOUT 25 000 CAR PARTS<\/h3>\n<p align=\"justify\">We are leading distributors of body parts, light equipment, refrigeration systems, car glasses as well as other parts for passenger and light commercial vehicles in Bosnia and Herzegovina, Serbia and Croatia.<\/p>\n<p align=\"justify\">In our range there are articles of renowned world brands in the field of car body parts such as Klokkerholm, TYC, International, Valeo, Rhibo, ISAM, DEPO, Phira and many others.<\/p>\n<p align=\"justify\">Our disruptive network covers the territory of Bosnia and Herzegovina, Serbia and Croatia. The aim is to remain at the site of the largest distributor of car body parts and to expand the network of its outlets. A secure distribution system, a trusted order network, and delivery from the nearest warehouse are a guarantee that your part will be obtained just when you need it.<\/p>\n\n\t\t<\/div>\n\t<\/div>\n<\/div><\/div><\/div><\/div><div class=\"vc_row wpb_row vc_row-fluid\"><div class=\"wpb_column vc_column_container vc_col-sm-3\"><div class=\"vc_column-inner\"><div class=\"wpb_wrapper\">\n\t<div  class=\"wpb_single_image wpb_content_element vc_align_left  vc_custom_1503943362326\">\n\t\t\n\t\t<figure class=\"wpb_wrapper vc_figure\">\n\t\t\t<div class=\"vc_single_image-wrapper   vc_box_border_grey\"><img width=\"150\" height=\"150\" src=\"https:\/\/autodemi.ba\/wp-content\/uploads\/2017\/08\/Renco.png\" class=\"vc_single_image-img attachment-thumbnail\" alt=\"\" decoding=\"async\" loading=\"lazy\"  data-dt-location=\"https:\/\/autodemi.ba\/en\/karoserijski-auto-dijelovi\/renco\/\" \/><\/div>\n\t\t<\/figure>\n\t<\/div>\n<\/div><\/div><\/div><div class=\"wpb_column vc_column_container vc_col-sm-3\"><div class=\"vc_column-inner\"><div class=\"wpb_wrapper\">\n\t<div  class=\"wpb_single_image wpb_content_element vc_align_left  vc_custom_1503943370807\">\n\t\t\n\t\t<figure class=\"wpb_wrapper vc_figure\">\n\t\t\t<div class=\"vc_single_image-wrapper   vc_box_border_grey\"><img width=\"150\" height=\"150\" src=\"https:\/\/autodemi.ba\/wp-content\/uploads\/2017\/08\/International-radiators.png\" class=\"vc_single_image-img attachment-thumbnail\" alt=\"\" decoding=\"async\" loading=\"lazy\"  data-dt-location=\"https:\/\/autodemi.ba\/en\/karoserijski-auto-dijelovi\/international-radiators-2\/\" \/><\/div>\n\t\t<\/figure>\n\t<\/div>\n<\/div><\/div><\/div><div class=\"wpb_column vc_column_container vc_col-sm-3\"><div class=\"vc_column-inner\"><div class=\"wpb_wrapper\">\n\t<div  class=\"wpb_single_image wpb_content_element vc_align_left  vc_custom_1503943775865\">\n\t\t\n\t\t<figure class=\"wpb_wrapper vc_figure\">\n\t\t\t<div class=\"vc_single_image-wrapper   vc_box_border_grey\"><img width=\"150\" height=\"150\" src=\"https:\/\/autodemi.ba\/wp-content\/uploads\/2017\/08\/TYC.png\" class=\"vc_single_image-img attachment-thumbnail\" alt=\"\" decoding=\"async\" loading=\"lazy\"  data-dt-location=\"https:\/\/autodemi.ba\/en\/karoserijski-auto-dijelovi\/tyc\/\" \/><\/div>\n\t\t<\/figure>\n\t<\/div>\n<\/div><\/div><\/div><div class=\"wpb_column vc_column_container vc_col-sm-3\"><div class=\"vc_column-inner\"><div class=\"wpb_wrapper\">\n\t<div  class=\"wpb_single_image wpb_content_element vc_align_left  vc_custom_1503943922038\">\n\t\t\n\t\t<figure class=\"wpb_wrapper vc_figure\">\n\t\t\t<div class=\"vc_single_image-wrapper   vc_box_border_grey\"><img width=\"150\" height=\"150\" src=\"https:\/\/autodemi.ba\/wp-content\/uploads\/2017\/08\/Depo.png\" class=\"vc_single_image-img attachment-thumbnail\" alt=\"\" decoding=\"async\" loading=\"lazy\"  data-dt-location=\"https:\/\/autodemi.ba\/en\/karoserijski-auto-dijelovi\/depo\/\" \/><\/div>\n\t\t<\/figure>\n\t<\/div>\n<\/div><\/div><\/div><\/div><div class=\"vc_row wpb_row vc_row-fluid\"><div class=\"wpb_column vc_column_container vc_col-sm-6\"><div class=\"vc_column-inner\"><div class=\"wpb_wrapper\"><div class=\"vc_separator wpb_content_element vc_separator_align_center vc_sep_width_100 vc_sep_pos_align_center vc_separator_no_text vc_sep_color_orange\" ><span class=\"vc_sep_holder vc_sep_holder_l\"><span  class=\"vc_sep_line\"><\/span><\/span><span class=\"vc_sep_holder vc_sep_holder_r\"><span  class=\"vc_sep_line\"><\/span><\/span>\n<\/div><\/div><\/div><\/div><div class=\"wpb_column vc_column_container vc_col-sm-6\"><div class=\"vc_column-inner\"><div class=\"wpb_wrapper\"><div class=\"vc_separator wpb_content_element vc_separator_align_center vc_sep_width_100 vc_sep_pos_align_center vc_separator_no_text vc_sep_color_orange\" ><span class=\"vc_sep_holder vc_sep_holder_l\"><span  class=\"vc_sep_line\"><\/span><\/span><span class=\"vc_sep_holder vc_sep_holder_r\"><span  class=\"vc_sep_line\"><\/span><\/span>\n<\/div><\/div><\/div><\/div><\/div><div class=\"vc_row wpb_row vc_row-fluid\"><div class=\"wpb_column vc_column_container vc_col-sm-3\"><div class=\"vc_column-inner\"><div class=\"wpb_wrapper\">\n\t<div  class=\"wpb_single_image wpb_content_element vc_align_left  vc_custom_1503943353162\">\n\t\t\n\t\t<figure class=\"wpb_wrapper vc_figure\">\n\t\t\t<div class=\"vc_single_image-wrapper   vc_box_border_grey\"><img width=\"150\" height=\"150\" src=\"https:\/\/autodemi.ba\/wp-content\/uploads\/2017\/08\/Valeo.png\" class=\"vc_single_image-img attachment-thumbnail\" alt=\"\" decoding=\"async\" loading=\"lazy\"  data-dt-location=\"https:\/\/autodemi.ba\/en\/valeo\/\" \/><\/div>\n\t\t<\/figure>\n\t<\/div>\n<\/div><\/div><\/div><div class=\"wpb_column vc_column_container vc_col-sm-3\"><div class=\"vc_column-inner\"><div class=\"wpb_wrapper\">\n\t<div  class=\"wpb_single_image wpb_content_element vc_align_left  vc_custom_1503943522306\">\n\t\t\n\t\t<figure class=\"wpb_wrapper vc_figure\">\n\t\t\t<div class=\"vc_single_image-wrapper   vc_box_border_grey\"><img width=\"150\" height=\"150\" src=\"https:\/\/autodemi.ba\/wp-content\/uploads\/2017\/08\/Nissens.png\" class=\"vc_single_image-img attachment-thumbnail\" alt=\"\" decoding=\"async\" loading=\"lazy\"  data-dt-location=\"https:\/\/autodemi.ba\/en\/karoserijski-auto-dijelovi\/nissens-2\/\" \/><\/div>\n\t\t<\/figure>\n\t<\/div>\n<\/div><\/div><\/div><div class=\"wpb_column vc_column_container vc_col-sm-3\"><div class=\"vc_column-inner\"><div class=\"wpb_wrapper\">\n\t<div  class=\"wpb_single_image wpb_content_element vc_align_left  vc_custom_1503944103946\">\n\t\t\n\t\t<figure class=\"wpb_wrapper vc_figure\">\n\t\t\t<div class=\"vc_single_image-wrapper   vc_box_border_grey\"><img width=\"150\" height=\"150\" src=\"https:\/\/autodemi.ba\/wp-content\/uploads\/2017\/08\/ISAM.png\" class=\"vc_single_image-img attachment-thumbnail\" alt=\"\" decoding=\"async\" loading=\"lazy\"  data-dt-location=\"https:\/\/autodemi.ba\/en\/karoserijski-auto-dijelovi\/isam\/\" \/><\/div>\n\t\t<\/figure>\n\t<\/div>\n<\/div><\/div><\/div><div class=\"wpb_column vc_column_container vc_col-sm-3\"><div class=\"vc_column-inner\"><div class=\"wpb_wrapper\">\n\t<div  class=\"wpb_single_image wpb_content_element vc_align_left  vc_custom_1503944215430\">\n\t\t\n\t\t<figure class=\"wpb_wrapper vc_figure\">\n\t\t\t<div class=\"vc_single_image-wrapper   vc_box_border_grey\"><img width=\"150\" height=\"150\" src=\"https:\/\/autodemi.ba\/wp-content\/uploads\/2017\/08\/Phira.png\" class=\"vc_single_image-img attachment-thumbnail\" alt=\"\" decoding=\"async\" loading=\"lazy\"  data-dt-location=\"https:\/\/autodemi.ba\/en\/karoserijski-auto-dijelovi\/phira\/\" \/><\/div>\n\t\t<\/figure>\n\t<\/div>\n<\/div><\/div><\/div><\/div><div class=\"vc_row wpb_row vc_row-fluid\"><div class=\"wpb_column vc_column_container vc_col-sm-6\"><div class=\"vc_column-inner\"><div class=\"wpb_wrapper\"><div class=\"vc_separator wpb_content_element vc_separator_align_center vc_sep_width_100 vc_sep_pos_align_center vc_separator_no_text vc_sep_color_orange\" ><span class=\"vc_sep_holder vc_sep_holder_l\"><span  class=\"vc_sep_line\"><\/span><\/span><span class=\"vc_sep_holder vc_sep_holder_r\"><span  class=\"vc_sep_line\"><\/span><\/span>\n<\/div><\/div><\/div><\/div><div class=\"wpb_column vc_column_container vc_col-sm-6\"><div class=\"vc_column-inner\"><div class=\"wpb_wrapper\"><div class=\"vc_separator wpb_content_element vc_separator_align_center vc_sep_width_100 vc_sep_pos_align_center vc_separator_no_text vc_sep_color_orange\" ><span class=\"vc_sep_holder vc_sep_holder_l\"><span  class=\"vc_sep_line\"><\/span><\/span><span class=\"vc_sep_holder vc_sep_holder_r\"><span  class=\"vc_sep_line\"><\/span><\/span>\n<\/div><\/div><\/div><\/div><\/div><div class=\"vc_row wpb_row vc_row-fluid\"><div class=\"wpb_column vc_column_container vc_col-sm-3\"><div class=\"vc_column-inner\"><div class=\"wpb_wrapper\">\n\t<div  class=\"wpb_single_image wpb_content_element vc_align_left  vc_custom_1503944398783\">\n\t\t\n\t\t<figure class=\"wpb_wrapper vc_figure\">\n\t\t\t<div class=\"vc_single_image-wrapper   vc_box_border_grey\"><img width=\"150\" height=\"150\" src=\"https:\/\/autodemi.ba\/wp-content\/uploads\/2017\/08\/Klokkerholm.png\" class=\"vc_single_image-img attachment-thumbnail\" alt=\"\" decoding=\"async\" loading=\"lazy\"  data-dt-location=\"https:\/\/autodemi.ba\/en\/karoserijski-auto-dijelovi\/klokkerholm\/\" \/><\/div>\n\t\t<\/figure>\n\t<\/div>\n<\/div><\/div><\/div><\/div><div class=\"vc_row wpb_row vc_row-fluid\"><div class=\"wpb_column vc_column_container vc_col-sm-6\"><div class=\"vc_column-inner\"><div class=\"wpb_wrapper\"><div class=\"vc_separator wpb_content_element vc_separator_align_center vc_sep_width_100 vc_sep_pos_align_center vc_separator_no_text vc_sep_color_orange\" ><span class=\"vc_sep_holder vc_sep_holder_l\"><span  class=\"vc_sep_line\"><\/span><\/span><span class=\"vc_sep_holder vc_sep_holder_r\"><span  class=\"vc_sep_line\"><\/span><\/span>\n<\/div><\/div><\/div><\/div><div class=\"wpb_column vc_column_container vc_col-sm-6\"><div class=\"vc_column-inner\"><div class=\"wpb_wrapper\"><div class=\"vc_separator wpb_content_element vc_separator_align_center vc_sep_width_100 vc_sep_pos_align_center vc_separator_no_text vc_sep_color_orange\" ><span class=\"vc_sep_holder vc_sep_holder_l\"><span  class=\"vc_sep_line\"><\/span><\/span><span class=\"vc_sep_holder vc_sep_holder_r\"><span  class=\"vc_sep_line\"><\/span><\/span>\n<\/div><\/div><\/div><\/div><\/div>","protected":false},"excerpt":{"rendered":"<p>PREKO 25 000 KAROSERIJSKIH AUTO DIJELOVA Vode\u0107i smo distributeri karoserijskih dijelova, svijetlosne opreme, rashladnih sistema, auto stakala kao i ostalih dijelova za putni\u010dka i laka komercijalna vozila u Bosni i Hercegovini, Srbiji i Hrvatskoj. U na\u0161em asortimanu nalaze se artikli poznatih svjetskih brendova iz oblasti karoserijskih auto dijelova, kao \u0161to su: Klokkerholm, TYC, International, Valeo,&hellip;<\/p>","protected":false},"author":1,"featured_media":0,"parent":0,"menu_order":0,"comment_status":"closed","ping_status":"closed","template":"","meta":{"ngg_post_thumbnail":0,"footnotes":""},"yoast_head":"<!-- This site is optimized with the Yoast SEO plugin v21.3 - https:\/\/yoast.com\/wordpress\/plugins\/seo\/ -->\n<title>Karoserijski auto dijelovi - Auto Demi<\/title>\n<meta name=\"robots\" content=\"index, follow, max-snippet:-1, max-image-preview:large, max-video-preview:-1\" \/>\n<link rel=\"canonical\" href=\"https:\/\/autodemi.ba\/en\/karoserijski-auto-dijelovi\/\" \/>\n<meta property=\"og:locale\" content=\"en_US\" \/>\n<meta property=\"og:type\" content=\"article\" \/>\n<meta property=\"og:title\" content=\"Karoserijski auto dijelovi - Auto Demi\" \/>\n<meta property=\"og:url\" content=\"https:\/\/autodemi.ba\/en\/karoserijski-auto-dijelovi\/\" \/>\n<meta property=\"og:site_name\" content=\"Auto Demi\" \/>\n<meta property=\"article:modified_time\" content=\"2021-09-20T08:24:48+00:00\" \/>\n<meta name=\"twitter:card\" content=\"summary_large_image\" \/>\n<meta name=\"twitter:label1\" content=\"Est. reading time\" \/>\n\t<meta name=\"twitter:data1\" content=\"2 minutes\" \/>\n<script type=\"application\/ld+json\" class=\"yoast-schema-graph\">{\"@context\":\"https:\/\/schema.org\",\"@graph\":[{\"@type\":\"WebPage\",\"@id\":\"https:\/\/autodemi.ba\/karoserijski-auto-dijelovi\/\",\"url\":\"https:\/\/autodemi.ba\/karoserijski-auto-dijelovi\/\",\"name\":\"Karoserijski auto dijelovi - Auto Demi\",\"isPartOf\":{\"@id\":\"https:\/\/autodemi.ba\/#website\"},\"datePublished\":\"2017-08-28T10:42:10+00:00\",\"dateModified\":\"2021-09-20T08:24:48+00:00\",\"breadcrumb\":{\"@id\":\"https:\/\/autodemi.ba\/karoserijski-auto-dijelovi\/#breadcrumb\"},\"inLanguage\":\"en-US\",\"potentialAction\":[{\"@type\":\"ReadAction\",\"target\":[\"https:\/\/autodemi.ba\/karoserijski-auto-dijelovi\/\"]}]},{\"@type\":\"BreadcrumbList\",\"@id\":\"https:\/\/autodemi.ba\/karoserijski-auto-dijelovi\/#breadcrumb\",\"itemListElement\":[{\"@type\":\"ListItem\",\"position\":1,\"name\":\"Home\",\"item\":\"https:\/\/autodemi.ba\/\"},{\"@type\":\"ListItem\",\"position\":2,\"name\":\"Karoserijski auto dijelovi\"}]},{\"@type\":\"WebSite\",\"@id\":\"https:\/\/autodemi.ba\/#website\",\"url\":\"https:\/\/autodemi.ba\/\",\"name\":\"Auto Demi\",\"description\":\"Uvijek prvi.\",\"potentialAction\":[{\"@type\":\"SearchAction\",\"target\":{\"@type\":\"EntryPoint\",\"urlTemplate\":\"https:\/\/autodemi.ba\/?s={search_term_string}\"},\"query-input\":\"required name=search_term_string\"}],\"inLanguage\":\"en-US\"}]}<\/script>\n<!-- \/ Yoast SEO plugin. -->","yoast_head_json":{"title":"Karoserijski auto dijelovi - Auto Demi","robots":{"index":"index","follow":"follow","max-snippet":"max-snippet:-1","max-image-preview":"max-image-preview:large","max-video-preview":"max-video-preview:-1"},"canonical":"https:\/\/autodemi.ba\/en\/karoserijski-auto-dijelovi\/","og_locale":"en_US","og_type":"article","og_title":"Karoserijski auto dijelovi - Auto Demi","og_url":"https:\/\/autodemi.ba\/en\/karoserijski-auto-dijelovi\/","og_site_name":"Auto Demi","article_modified_time":"2021-09-20T08:24:48+00:00","twitter_card":"summary_large_image","twitter_misc":{"Est. reading time":"2 minutes"},"schema":{"@context":"https:\/\/schema.org","@graph":[{"@type":"WebPage","@id":"https:\/\/autodemi.ba\/karoserijski-auto-dijelovi\/","url":"https:\/\/autodemi.ba\/karoserijski-auto-dijelovi\/","name":"Karoserijski auto dijelovi - Auto Demi","isPartOf":{"@id":"https:\/\/autodemi.ba\/#website"},"datePublished":"2017-08-28T10:42:10+00:00","dateModified":"2021-09-20T08:24:48+00:00","breadcrumb":{"@id":"https:\/\/autodemi.ba\/karoserijski-auto-dijelovi\/#breadcrumb"},"inLanguage":"en-US","potentialAction":[{"@type":"ReadAction","target":["https:\/\/autodemi.ba\/karoserijski-auto-dijelovi\/"]}]},{"@type":"BreadcrumbList","@id":"https:\/\/autodemi.ba\/karoserijski-auto-dijelovi\/#breadcrumb","itemListElement":[{"@type":"ListItem","position":1,"name":"Home","item":"https:\/\/autodemi.ba\/"},{"@type":"ListItem","position":2,"name":"Karoserijski auto dijelovi"}]},{"@type":"WebSite","@id":"https:\/\/autodemi.ba\/#website","url":"https:\/\/autodemi.ba\/","name":"Auto Demi","description":"Uvijek prvi.","potentialAction":[{"@type":"SearchAction","target":{"@type":"EntryPoint","urlTemplate":"https:\/\/autodemi.ba\/?s={search_term_string}"},"query-input":"required name=search_term_string"}],"inLanguage":"en-US"}]}},"_links":{"self":[{"href":"https:\/\/autodemi.ba\/en\/wp-json\/wp\/v2\/pages\/2256"}],"collection":[{"href":"https:\/\/autodemi.ba\/en\/wp-json\/wp\/v2\/pages"}],"about":[{"href":"https:\/\/autodemi.ba\/en\/wp-json\/wp\/v2\/types\/page"}],"author":[{"embeddable":true,"href":"https:\/\/autodemi.ba\/en\/wp-json\/wp\/v2\/users\/1"}],"replies":[{"embeddable":true,"href":"https:\/\/autodemi.ba\/en\/wp-json\/wp\/v2\/comments?post=2256"}],"version-history":[{"count":0,"href":"https:\/\/autodemi.ba\/en\/wp-json\/wp\/v2\/pages\/2256\/revisions"}],"wp:attachment":[{"href":"https:\/\/autodemi.ba\/en\/wp-json\/wp\/v2\/media?parent=2256"}],"curies":[{"name":"wp","href":"https:\/\/api.w.org\/{rel}","templated":true}]}}