{"id":2619,"date":"2017-09-03T14:24:44","date_gmt":"2017-09-03T12:24:44","guid":{"rendered":"https:\/\/autodemi.ba\/?page_id=2619"},"modified":"2021-09-20T09:27:39","modified_gmt":"2021-09-20T08:27:39","slug":"ponuda","status":"publish","type":"page","link":"https:\/\/autodemi.ba\/en\/ponuda\/","title":{"rendered":"Ponuda"},"content":{"rendered":"<section class=\"vc_section\"><div class=\"vc_row wpb_row vc_row-fluid\"><div class=\"wpb_column vc_column_container vc_col-sm-3\"><div class=\"vc_column-inner\"><div class=\"wpb_wrapper\"><div class=\"vc-hoverbox-wrapper  vc_custom_1510402014518 vc-hoverbox-shape--round vc-hoverbox-align--center vc-hoverbox-direction--default vc-hoverbox-width--100\"  ontouchstart=\"\">\n  <div class=\"vc-hoverbox\">\n    <div class=\"vc-hoverbox-inner\">\n      <div class=\"vc-hoverbox-block vc-hoverbox-front\" style=\"background-image: url(https:\/\/autodemi.ba\/wp-content\/uploads\/2017\/09\/bijelo-1024x576.png);\">\n        <div class=\"vc-hoverbox-block-inner vc-hoverbox-front-inner\">\n            <h2 style=\"text-align:center\">Car body<\/h2>\n        <\/div>\n      <\/div>\n      <div class=\"vc-hoverbox-block vc-hoverbox-back\" style=\"background-color: #ffffff;\">\n        <div class=\"vc-hoverbox-block-inner vc-hoverbox-back-inner\">\n            <h2 style=\"text-align:center\">25 000 ITEMS<\/h2>\n            <p><a href=\"https:\/\/autodemi.ba\/en\/karoserijski-auto-dijelovi\/\">Read more<\/a><\/p>\n\n            \n        <\/div>\n      <\/div>\n    <\/div>\n  <\/div>\n<\/div><div class=\"vc-hoverbox-wrapper  vc_custom_1510402029112 vc-hoverbox-shape--round vc-hoverbox-align--center vc-hoverbox-direction--default vc-hoverbox-width--100\"  ontouchstart=\"\">\n  <div class=\"vc-hoverbox\">\n    <div class=\"vc-hoverbox-inner\">\n      <div class=\"vc-hoverbox-block vc-hoverbox-front\" style=\"background-image: url(https:\/\/autodemi.ba\/wp-content\/uploads\/2017\/09\/bijelo-1024x576.png);\">\n        <div class=\"vc-hoverbox-block-inner vc-hoverbox-front-inner\">\n            <h2 style=\"text-align:center\">Mechanics<\/h2>\n        <\/div>\n      <\/div>\n      <div class=\"vc-hoverbox-block vc-hoverbox-back\" style=\"background-color: #ffffff;\">\n        <div class=\"vc-hoverbox-block-inner vc-hoverbox-back-inner\">\n            <h2 style=\"text-align:center\">55 000 ITEMS<\/h2>\n            <p><a href=\"https:\/\/autodemi.ba\/en\/auto-dijelovi\/\">Read more<\/a><\/p>\n\n            \n        <\/div>\n      <\/div>\n    <\/div>\n  <\/div>\n<\/div><\/div><\/div><\/div><div class=\"wpb_column vc_column_container vc_col-sm-6\"><div class=\"vc_column-inner\"><div class=\"wpb_wrapper\">\n\t<div  class=\"wpb_single_image wpb_content_element vc_align_left  vc_custom_1510143395100\">\n\t\t\n\t\t<figure class=\"wpb_wrapper vc_figure\">\n\t\t\t<div class=\"vc_single_image-wrapper   vc_box_border_grey\"><img width=\"1600\" height=\"900\" src=\"https:\/\/autodemi.ba\/wp-content\/uploads\/2017\/09\/auto-linija-sve-nova.png\" class=\"vc_single_image-img attachment-full\" alt=\"\" decoding=\"async\" loading=\"lazy\" srcset=\"https:\/\/autodemi.ba\/wp-content\/uploads\/2017\/09\/auto-linija-sve-nova.png 1600w, https:\/\/autodemi.ba\/wp-content\/uploads\/2017\/09\/auto-linija-sve-nova-300x169.png 300w, https:\/\/autodemi.ba\/wp-content\/uploads\/2017\/09\/auto-linija-sve-nova-768x432.png 768w, https:\/\/autodemi.ba\/wp-content\/uploads\/2017\/09\/auto-linija-sve-nova-1024x576.png 1024w\" sizes=\"(max-width: 1600px) 100vw, 1600px\"  data-dt-location=\"https:\/\/autodemi.ba\/en\/ponuda\/auto-linija-sve-nova\/\" \/><\/div>\n\t\t<\/figure>\n\t<\/div>\n<\/div><\/div><\/div><div class=\"wpb_column vc_column_container vc_col-sm-3\"><div class=\"vc_column-inner\"><div class=\"wpb_wrapper\"><div class=\"vc-hoverbox-wrapper  vc_custom_1510402044088 vc-hoverbox-shape--round vc-hoverbox-align--center vc-hoverbox-direction--default vc-hoverbox-width--100\"  ontouchstart=\"\">\n  <div class=\"vc-hoverbox\">\n    <div class=\"vc-hoverbox-inner\">\n      <div class=\"vc-hoverbox-block vc-hoverbox-front\" style=\"background-image: url(https:\/\/autodemi.ba\/wp-content\/uploads\/2017\/09\/bijelo-1024x576.png);\">\n        <div class=\"vc-hoverbox-block-inner vc-hoverbox-front-inner\">\n            <h2 style=\"text-align:center\">Glass<\/h2>\n        <\/div>\n      <\/div>\n      <div class=\"vc-hoverbox-block vc-hoverbox-back\" style=\"background-color: #ffffff;\">\n        <div class=\"vc-hoverbox-block-inner vc-hoverbox-back-inner\">\n            <h2 style=\"text-align:center\">1 500 ITEMS<\/h2>\n            <p>We have over<strong> 1 500<\/strong> glasses available for your vehicles<\/p>\n\n            \n        <\/div>\n      <\/div>\n    <\/div>\n  <\/div>\n<\/div><div class=\"vc-hoverbox-wrapper  vc_custom_1510402061340 vc-hoverbox-shape--round vc-hoverbox-align--center vc-hoverbox-direction--default vc-hoverbox-width--100\"  ontouchstart=\"\">\n  <div class=\"vc-hoverbox\">\n    <div class=\"vc-hoverbox-inner\">\n      <div class=\"vc-hoverbox-block vc-hoverbox-front\" style=\"background-image: url(https:\/\/autodemi.ba\/wp-content\/uploads\/2017\/09\/bijelo-1024x576.png);\">\n        <div class=\"vc-hoverbox-block-inner vc-hoverbox-front-inner\">\n            <h2 style=\"text-align:center\">Special tools<\/h2>\n        <\/div>\n      <\/div>\n      <div class=\"vc-hoverbox-block vc-hoverbox-back\" style=\"background-color: #ffffff;\">\n        <div class=\"vc-hoverbox-block-inner vc-hoverbox-back-inner\">\n            <h2 style=\"text-align:center\">1000+ ITEMS<\/h2>\n            <p><a href=\"https:\/\/autodemi.ba\/en\/specijalni-alati\/\">Read more<\/a><\/p>\n\n            \n        <\/div>\n      <\/div>\n    <\/div>\n  <\/div>\n<\/div><\/div><\/div><\/div><\/div><\/section><div class=\"wpb_column vc_column_container vc_col-sm-6\"><div class=\"vc_column-inner\"><div class=\"wpb_wrapper\"><\/div><\/div><\/div><div class=\"wpb_column vc_column_container vc_col-sm-3\"><div class=\"vc_column-inner\"><div class=\"wpb_wrapper\"><\/div><\/div><\/div>","protected":false},"excerpt":{"rendered":"<p>Karoserija 25 000 ARTIKALA POGLEDAJ VI\u0160E Mehanika 55 000 ARTIKALA POGLEDAJ VI\u0160E Stakla 1 500 ARTIKALA U ponudi imamo preko 1 500 stakala za Va\u0161e vozilo. Specijalni alati 1000+ ARTIKALA POGLEDAJ VI\u0160E<\/p>","protected":false},"author":1,"featured_media":0,"parent":0,"menu_order":0,"comment_status":"closed","ping_status":"closed","template":"","meta":{"ngg_post_thumbnail":0,"footnotes":""},"yoast_head":"<!-- This site is optimized with the Yoast SEO plugin v21.3 - https:\/\/yoast.com\/wordpress\/plugins\/seo\/ -->\n<title>Ponuda - Auto Demi<\/title>\n<meta name=\"robots\" content=\"index, follow, max-snippet:-1, max-image-preview:large, max-video-preview:-1\" \/>\n<link rel=\"canonical\" href=\"https:\/\/autodemi.ba\/en\/ponuda\/\" \/>\n<meta property=\"og:locale\" content=\"en_US\" \/>\n<meta property=\"og:type\" content=\"article\" \/>\n<meta property=\"og:title\" content=\"Ponuda - Auto Demi\" \/>\n<meta property=\"og:url\" content=\"https:\/\/autodemi.ba\/en\/ponuda\/\" \/>\n<meta property=\"og:site_name\" content=\"Auto Demi\" \/>\n<meta property=\"article:modified_time\" content=\"2021-09-20T08:27:39+00:00\" \/>\n<meta name=\"twitter:card\" content=\"summary_large_image\" \/>\n<meta name=\"twitter:label1\" content=\"Est. reading time\" \/>\n\t<meta name=\"twitter:data1\" content=\"1 minute\" \/>\n<script type=\"application\/ld+json\" class=\"yoast-schema-graph\">{\"@context\":\"https:\/\/schema.org\",\"@graph\":[{\"@type\":\"WebPage\",\"@id\":\"https:\/\/autodemi.ba\/ponuda\/\",\"url\":\"https:\/\/autodemi.ba\/ponuda\/\",\"name\":\"Ponuda - Auto Demi\",\"isPartOf\":{\"@id\":\"https:\/\/autodemi.ba\/#website\"},\"datePublished\":\"2017-09-03T12:24:44+00:00\",\"dateModified\":\"2021-09-20T08:27:39+00:00\",\"breadcrumb\":{\"@id\":\"https:\/\/autodemi.ba\/ponuda\/#breadcrumb\"},\"inLanguage\":\"en-US\",\"potentialAction\":[{\"@type\":\"ReadAction\",\"target\":[\"https:\/\/autodemi.ba\/ponuda\/\"]}]},{\"@type\":\"BreadcrumbList\",\"@id\":\"https:\/\/autodemi.ba\/ponuda\/#breadcrumb\",\"itemListElement\":[{\"@type\":\"ListItem\",\"position\":1,\"name\":\"Home\",\"item\":\"https:\/\/autodemi.ba\/\"},{\"@type\":\"ListItem\",\"position\":2,\"name\":\"Ponuda\"}]},{\"@type\":\"WebSite\",\"@id\":\"https:\/\/autodemi.ba\/#website\",\"url\":\"https:\/\/autodemi.ba\/\",\"name\":\"Auto Demi\",\"description\":\"Uvijek prvi.\",\"potentialAction\":[{\"@type\":\"SearchAction\",\"target\":{\"@type\":\"EntryPoint\",\"urlTemplate\":\"https:\/\/autodemi.ba\/?s={search_term_string}\"},\"query-input\":\"required name=search_term_string\"}],\"inLanguage\":\"en-US\"}]}<\/script>\n<!-- \/ Yoast SEO plugin. -->","yoast_head_json":{"title":"Ponuda - Auto Demi","robots":{"index":"index","follow":"follow","max-snippet":"max-snippet:-1","max-image-preview":"max-image-preview:large","max-video-preview":"max-video-preview:-1"},"canonical":"https:\/\/autodemi.ba\/en\/ponuda\/","og_locale":"en_US","og_type":"article","og_title":"Ponuda - Auto Demi","og_url":"https:\/\/autodemi.ba\/en\/ponuda\/","og_site_name":"Auto Demi","article_modified_time":"2021-09-20T08:27:39+00:00","twitter_card":"summary_large_image","twitter_misc":{"Est. reading time":"1 minute"},"schema":{"@context":"https:\/\/schema.org","@graph":[{"@type":"WebPage","@id":"https:\/\/autodemi.ba\/ponuda\/","url":"https:\/\/autodemi.ba\/ponuda\/","name":"Ponuda - Auto Demi","isPartOf":{"@id":"https:\/\/autodemi.ba\/#website"},"datePublished":"2017-09-03T12:24:44+00:00","dateModified":"2021-09-20T08:27:39+00:00","breadcrumb":{"@id":"https:\/\/autodemi.ba\/ponuda\/#breadcrumb"},"inLanguage":"en-US","potentialAction":[{"@type":"ReadAction","target":["https:\/\/autodemi.ba\/ponuda\/"]}]},{"@type":"BreadcrumbList","@id":"https:\/\/autodemi.ba\/ponuda\/#breadcrumb","itemListElement":[{"@type":"ListItem","position":1,"name":"Home","item":"https:\/\/autodemi.ba\/"},{"@type":"ListItem","position":2,"name":"Ponuda"}]},{"@type":"WebSite","@id":"https:\/\/autodemi.ba\/#website","url":"https:\/\/autodemi.ba\/","name":"Auto Demi","description":"Uvijek prvi.","potentialAction":[{"@type":"SearchAction","target":{"@type":"EntryPoint","urlTemplate":"https:\/\/autodemi.ba\/?s={search_term_string}"},"query-input":"required name=search_term_string"}],"inLanguage":"en-US"}]}},"_links":{"self":[{"href":"https:\/\/autodemi.ba\/en\/wp-json\/wp\/v2\/pages\/2619"}],"collection":[{"href":"https:\/\/autodemi.ba\/en\/wp-json\/wp\/v2\/pages"}],"about":[{"href":"https:\/\/autodemi.ba\/en\/wp-json\/wp\/v2\/types\/page"}],"author":[{"embeddable":true,"href":"https:\/\/autodemi.ba\/en\/wp-json\/wp\/v2\/users\/1"}],"replies":[{"embeddable":true,"href":"https:\/\/autodemi.ba\/en\/wp-json\/wp\/v2\/comments?post=2619"}],"version-history":[{"count":0,"href":"https:\/\/autodemi.ba\/en\/wp-json\/wp\/v2\/pages\/2619\/revisions"}],"wp:attachment":[{"href":"https:\/\/autodemi.ba\/en\/wp-json\/wp\/v2\/media?parent=2619"}],"curies":[{"name":"wp","href":"https:\/\/api.w.org\/{rel}","templated":true}]}}